{"id":15999,"date":"2024-07-25T18:45:11","date_gmt":"2024-07-25T16:45:11","guid":{"rendered":"https:\/\/www.fashionbarcelona.com\/blog\/?page_id=15999"},"modified":"2024-07-25T18:45:11","modified_gmt":"2024-07-25T16:45:11","slug":"class-of-2024","status":"publish","type":"page","link":"https:\/\/www.fashionbarcelona.com\/blog\/graduates-graduados\/class-of-2024\/","title":{"rendered":"Class of 2024"},"content":{"rendered":"\n<p><a href=\"https:\/\/www.fashionbarcelona.com\/blog\/wp-content\/uploads\/2024\/07\/Alex-Pearson_compressed.pdf\" data-type=\"attachment\" data-id=\"16004\">Alex Pearson (fashion design)<\/a>. <a href=\"https:\/\/www.instagram.com\/alex_____pearson\/\">@alex____pearson<\/a><\/p>\n\n\n\n<p><a href=\"https:\/\/www.fashionbarcelona.com\/blog\/wp-content\/uploads\/2024\/07\/Alexandra-Marin-EST_compressed.pdf\" data-type=\"attachment\" data-id=\"16008\">Alexandra Mar\u00edn (styling)<\/a>. <a href=\"https:\/\/www.instagram.com\/aleexandramariin.st\/\">@aleexandramariin.st<\/a><\/p>\n\n\n\n<p><a href=\"https:\/\/www.fashionbarcelona.com\/blog\/wp-content\/uploads\/2024\/07\/Alexia-Masot_compressed.pdf\" data-type=\"attachment\" data-id=\"16009\">Alexia Masot (fashion design)<\/a>. <a href=\"https:\/\/www.instagram.com\/aalexiaa_mp\/\">@aalexiaa_mp<\/a><\/p>\n\n\n\n<p><a href=\"https:\/\/www.fashionbarcelona.com\/blog\/wp-content\/uploads\/2024\/07\/Ana-Bernal-EST_compressed.pdf\" data-type=\"attachment\" data-id=\"16010\">Ana Bernal (styling<\/a>). <a href=\"https:\/\/www.instagram.com\/auabernal\/\">@auabernal<\/a><\/p>\n\n\n\n<p><a href=\"https:\/\/www.fashionbarcelona.com\/blog\/wp-content\/uploads\/2024\/07\/Angela-Gomez_compressed.pdf\" data-type=\"attachment\" data-id=\"16011\">\u00c1ngela G\u00f3mez (fashion design)<\/a>. <a href=\"https:\/\/www.instagram.com\/angelag______\/\">@angelag____<\/a><\/p>\n\n\n\n<p><a href=\"https:\/\/www.fashionbarcelona.com\/blog\/wp-content\/uploads\/2024\/07\/Anna-Terradellas-EST_compressed.pdf\" data-type=\"attachment\" data-id=\"16012\">Anna Terradellas (styling)<\/a>. <a href=\"https:\/\/www.instagram.com\/anna_terradellas\/\">@anna_terradellas<\/a><\/p>\n\n\n\n<p><a href=\"https:\/\/www.fashionbarcelona.com\/blog\/wp-content\/uploads\/2024\/07\/Ari-Pujol_compressed.pdf\" data-type=\"attachment\" data-id=\"16013\">Ariadna Pujol (fashion design)<\/a>. <a href=\"https:\/\/www.instagram.com\/ariglada\/\">@ariglada<\/a><\/p>\n\n\n\n<p><a href=\"https:\/\/www.fashionbarcelona.com\/blog\/wp-content\/uploads\/2024\/07\/Berta-Lopez_compressed.pdf\" data-type=\"attachment\" data-id=\"16014\">Berta L\u00f3pez (fashion design)<\/a>. <a href=\"https:\/\/www.instagram.com\/bertaa.lop\/\">@bertaa.lop<\/a><\/p>\n\n\n\n<p><a href=\"https:\/\/www.fashionbarcelona.com\/blog\/wp-content\/uploads\/2024\/07\/Berta-Parrot_compressed.pdf\" data-type=\"attachment\" data-id=\"16015\">Berta Parrot (fashion design)<\/a>. <a href=\"https:\/\/www.instagram.com\/berta_p_armisen\/\">@berta_p_armisen<\/a><\/p>\n\n\n\n<p><a href=\"https:\/\/www.fashionbarcelona.com\/blog\/wp-content\/uploads\/2024\/07\/Bruno-Pacini_compressed.pdf\" data-type=\"attachment\" data-id=\"16016\">Bruno Pacini (fashion design)<\/a>. <a href=\"https:\/\/www.instagram.com\/pacini___\/\">@pacini___<\/a><\/p>\n\n\n\n<p><a href=\"https:\/\/www.fashionbarcelona.com\/blog\/wp-content\/uploads\/2024\/07\/Dani-Barris_compressed.pdf\" data-type=\"attachment\" data-id=\"16017\">Daniel Barris (fashion design)<\/a>. <a href=\"https:\/\/www.instagram.com\/dendanibarris\/\">@dendani_____<\/a><\/p>\n\n\n\n<p><a href=\"https:\/\/www.fashionbarcelona.com\/blog\/wp-content\/uploads\/2024\/07\/Elisa-Prades_compressed.pdf\" data-type=\"attachment\" data-id=\"16018\">Elisa Prades (fashion design).<\/a> <a href=\"https:\/\/www.instagram.com\/elisprades\/\">@elisprades<\/a><\/p>\n\n\n\n<p><a href=\"https:\/\/www.fashionbarcelona.com\/blog\/wp-content\/uploads\/2024\/07\/Ferran-Bou-EST_compressed.pdf\" data-type=\"attachment\" data-id=\"16019\">Ferran Bou (styling)<\/a>. <a href=\"https:\/\/www.instagram.com\/efedestudio\/\">@efedestudio<\/a><\/p>\n\n\n\n<p><a href=\"https:\/\/www.fashionbarcelona.com\/blog\/wp-content\/uploads\/2024\/07\/Ingrid-Navarro_compressed.pdf\" data-type=\"attachment\" data-id=\"16020\">Ingrid Navarro (fashion design)<\/a>. <a href=\"https:\/\/www.instagram.com\/n.a.gstudio\/\">@n.a.gstudio<\/a><\/p>\n\n\n\n<p><a href=\"https:\/\/www.fashionbarcelona.com\/blog\/wp-content\/uploads\/2024\/07\/Jana-Elyamani_compressed.pdf\" data-type=\"attachment\" data-id=\"16021\">Jana Elyamani (fashion design)<\/a>.<\/p>\n\n\n\n<p><a href=\"https:\/\/www.fashionbarcelona.com\/blog\/wp-content\/uploads\/2024\/07\/Jordi-Ettinghausen_compressed.pdf\" data-type=\"attachment\" data-id=\"16022\">Jordi Ettinghausen (fashion design)<\/a>.<\/p>\n\n\n\n<p><a href=\"https:\/\/www.fashionbarcelona.com\/blog\/wp-content\/uploads\/2024\/07\/Kepa-Vergara_compressed.pdf\" data-type=\"attachment\" data-id=\"16023\">Kepa Vergara (fashion design)<\/a>. <a href=\"https:\/\/www.instagram.com\/kepavergara\/\">@kepavergara<\/a><\/p>\n\n\n\n<p><a href=\"https:\/\/www.fashionbarcelona.com\/blog\/wp-content\/uploads\/2024\/07\/Keyli-Fernandez_compressed.pdf\" data-type=\"attachment\" data-id=\"16024\">Keyli Fern\u00e1ndez (fashion design)<\/a>. <a href=\"https:\/\/www.instagram.com\/atelierdekey\/\">@atelierdekey<\/a><\/p>\n\n\n\n<p><a href=\"https:\/\/www.fashionbarcelona.com\/blog\/wp-content\/uploads\/2024\/07\/Kirill-Proshutinksky_compressed.pdf\" data-type=\"attachment\" data-id=\"16025\">Kirill Proshutinksky (fashion design)<\/a>.<\/p>\n\n\n\n<p><a href=\"https:\/\/www.fashionbarcelona.com\/blog\/wp-content\/uploads\/2024\/07\/Laia-Erena_compressed.pdf\" data-type=\"attachment\" data-id=\"16026\">Laia Erena (fashion design)<\/a>. <a href=\"https:\/\/www.instagram.com\/laiaerena\/\">@laiaerena<\/a><\/p>\n\n\n\n<p><a href=\"https:\/\/www.fashionbarcelona.com\/blog\/wp-content\/uploads\/2024\/07\/Laura-Anspoka_compressed.pdf\" data-type=\"attachment\" data-id=\"16027\">Laura Anspoka (fashion design)<\/a>. <a href=\"https:\/\/www.instagram.com\/novaliss_\/\">@novaliss_<\/a><\/p>\n\n\n\n<p><a href=\"https:\/\/www.fashionbarcelona.com\/blog\/wp-content\/uploads\/2024\/07\/Laura-Bilbao_compressed.pdf\" data-type=\"attachment\" data-id=\"16028\">Laura Bilbao (fashion design)<\/a>. <a href=\"https:\/\/www.instagram.com\/lawrabilbao\/\">@lawrabilbao<\/a><\/p>\n\n\n\n<p><a href=\"https:\/\/www.fashionbarcelona.com\/blog\/wp-content\/uploads\/2024\/07\/Laura-Fonseca_compressed.pdf\" data-type=\"attachment\" data-id=\"16029\">Laura Fonseca (fashion design)<\/a>.<\/p>\n\n\n\n<p><a href=\"https:\/\/www.fashionbarcelona.com\/blog\/wp-content\/uploads\/2024\/07\/Lucia-Munoz-EST_compressed.pdf\" data-type=\"attachment\" data-id=\"16030\">Luc\u00eda Mu\u00f1oz (styling)<\/a>. <a href=\"https:\/\/www.instagram.com\/lumungar\/\">@lumungar<\/a><\/p>\n\n\n\n<p><a href=\"https:\/\/www.fashionbarcelona.com\/blog\/wp-content\/uploads\/2024\/07\/Luna-Montignier-EST_compressed.pdf\" data-type=\"attachment\" data-id=\"16031\">Luna Montignier (styling)<\/a>. <a href=\"https:\/\/www.instagram.com\/montignierstudio\/\">@montignierstudio<\/a><\/p>\n\n\n\n<p><a href=\"https:\/\/www.fashionbarcelona.com\/blog\/wp-content\/uploads\/2024\/07\/Mabel-McKenna_compressed.pdf\" data-type=\"attachment\" data-id=\"16032\">Mabel McKenna (fashion design)<\/a>. <a href=\"https:\/\/www.instagram.com\/mckae____\/\">@Mckae___<\/a><\/p>\n\n\n\n<p><a href=\"https:\/\/www.fashionbarcelona.com\/blog\/wp-content\/uploads\/2024\/07\/Mar-Vila-EST_compressed.pdf\" data-type=\"attachment\" data-id=\"16033\">Mar Vila (styling)<\/a>. <a href=\"https:\/\/www.instagram.com\/marvilaclaramunt\/\">@marvilaclaramunt<\/a><\/p>\n\n\n\n<p><a href=\"https:\/\/www.fashionbarcelona.com\/blog\/wp-content\/uploads\/2024\/07\/Maria-Renda_compressed.pdf\" data-type=\"attachment\" data-id=\"16034\">Mar\u00eda Renda (fashion design)<\/a>.<\/p>\n\n\n\n<p><a href=\"https:\/\/www.fashionbarcelona.com\/blog\/wp-content\/uploads\/2024\/07\/Maria-Vidal-EST_compressed.pdf\" data-type=\"attachment\" data-id=\"16035\">Mar\u00eda Vidal (styling)<\/a>. <a href=\"https:\/\/www.instagram.com\/merivica.st\/\">@merivica.st<\/a><\/p>\n\n\n\n<p><a href=\"https:\/\/www.fashionbarcelona.com\/blog\/wp-content\/uploads\/2024\/07\/Marian-Descayrac_compressed.pdf\" data-type=\"attachment\" data-id=\"16036\">Marian Descayrac (fashion design)<\/a>. <a href=\"https:\/\/www.instagram.com\/happyy.madness\/\">@happyy.madness<\/a><\/p>\n\n\n\n<p><a href=\"https:\/\/www.fashionbarcelona.com\/blog\/wp-content\/uploads\/2024\/07\/Marilyn-Mao_compressed.pdf\" data-type=\"attachment\" data-id=\"16037\">Marilyn Mao (fashion design)<\/a>. <a href=\"https:\/\/www.instagram.com\/wakeupmarilyn.official\/\">@wakeupmarilyn.official<\/a><\/p>\n\n\n\n<p><a href=\"https:\/\/www.fashionbarcelona.com\/blog\/wp-content\/uploads\/2024\/07\/Marina-Edo_compressed.pdf\" data-type=\"attachment\" data-id=\"16038\">Marina Edo (fashion design)<\/a>. <a href=\"https:\/\/www.instagram.com\/e_________do\/\">@e_____do<\/a><\/p>\n\n\n\n<p><a href=\"https:\/\/www.fashionbarcelona.com\/blog\/wp-content\/uploads\/2024\/07\/Marta-de-Murcia-EST_compressed.pdf\" data-type=\"attachment\" data-id=\"16039\">Marta Garc\u00eda-Calvo (styling)<\/a>. <a href=\"https:\/\/www.instagram.com\/martademurcia\/\">@martademurcia<\/a><\/p>\n\n\n\n<p><a href=\"https:\/\/www.fashionbarcelona.com\/blog\/wp-content\/uploads\/2024\/07\/Mathis-Morand_compressed.pdf\" data-type=\"attachment\" data-id=\"16055\">Mathis Morand (fashion design)<\/a>. <a href=\"https:\/\/www.instagram.com\/henri_bang_\/\">@henri_bang_<\/a><\/p>\n\n\n\n<p><a href=\"https:\/\/www.fashionbarcelona.com\/blog\/wp-content\/uploads\/2024\/07\/Melina-Ferber-EST_compressed.pdf\" data-type=\"attachment\" data-id=\"16040\">Melina Ferber (styling)<\/a>. <a href=\"https:\/\/www.instagram.com\/bynonrelated\/\">@bynonrelated<\/a><\/p>\n\n\n\n<p><a href=\"https:\/\/www.fashionbarcelona.com\/blog\/wp-content\/uploads\/2024\/07\/Merce-Domenech_compressed.pdf\" data-type=\"attachment\" data-id=\"16041\">Merc\u00e8 Dom\u00e8nech (fashion design)<\/a>. <a href=\"https:\/\/www.instagram.com\/merce__merce\/\">@merce__merce<\/a><\/p>\n\n\n\n<p><a href=\"https:\/\/www.fashionbarcelona.com\/blog\/wp-content\/uploads\/2024\/07\/Naroa-Gorostidi_compressed.pdf\" data-type=\"attachment\" data-id=\"16042\">Naroa Gorostidi (fashion design)<\/a>. <a href=\"https:\/\/www.instagram.com\/xgo.ga\/\">@xgo.ga<\/a><\/p>\n\n\n\n<p><a href=\"https:\/\/www.fashionbarcelona.com\/blog\/wp-content\/uploads\/2024\/07\/Nico-Garcia_compressed.pdf\" data-type=\"attachment\" data-id=\"16043\">Nico Garc\u00eda (fashion design)<\/a>. <a href=\"https:\/\/www.instagram.com\/nigma______\/\">@nigma______<\/a><\/p>\n\n\n\n<p><a href=\"https:\/\/www.fashionbarcelona.com\/blog\/wp-content\/uploads\/2024\/07\/Nio-Roca_compressed.pdf\" data-type=\"attachment\" data-id=\"16044\">Nio Roca (fashion design)<\/a>. <a href=\"https:\/\/www.instagram.com\/nioroca\/\">@nioroca<\/a><\/p>\n\n\n\n<p><a href=\"https:\/\/www.fashionbarcelona.com\/blog\/wp-content\/uploads\/2024\/07\/Nora-Tragant_compressed.pdf\" data-type=\"attachment\" data-id=\"16045\">Nora Tragant (fashion design)<\/a>. <a href=\"https:\/\/www.instagram.com\/tragantova\/\">@tragantova<\/a><\/p>\n\n\n\n<p><a href=\"https:\/\/www.fashionbarcelona.com\/blog\/wp-content\/uploads\/2024\/07\/Oriol-Siguenza_compressed.pdf\" data-type=\"attachment\" data-id=\"16046\">Oriol Sig\u00fcenza (fashion design)<\/a>. <a href=\"https:\/\/www.instagram.com\/sg_nza\/\">@sg_nza<\/a><\/p>\n\n\n\n<p><a href=\"https:\/\/www.fashionbarcelona.com\/blog\/wp-content\/uploads\/2024\/07\/Patricia-Sarda-EST_compressed.pdf\" data-type=\"attachment\" data-id=\"16047\">Patricia Sard\u00e0 (styling)<\/a>. <a href=\"https:\/\/www.instagram.com\/lostyouathedancefloor\/\">@lostyouathedancefloor<\/a><\/p>\n\n\n\n<p><a href=\"https:\/\/www.fashionbarcelona.com\/blog\/wp-content\/uploads\/2024\/07\/Paula-Orozco_compressed.pdf\" data-type=\"attachment\" data-id=\"16048\">Paula Orozco (fashion design)<\/a>. <a href=\"https:\/\/www.instagram.com\/iamorozco\/\">@iamorozco<\/a><\/p>\n\n\n\n<p><a href=\"https:\/\/www.fashionbarcelona.com\/blog\/wp-content\/uploads\/2024\/07\/Polina-Kuzyakina_compressed.pdf\" data-type=\"attachment\" data-id=\"16054\">Polina Kuzyakina (fashion design)<\/a>. <a href=\"https:\/\/www.instagram.com\/osanka.official\/\">@osanka.official<\/a><\/p>\n\n\n\n<p><a href=\"https:\/\/www.fashionbarcelona.com\/blog\/wp-content\/uploads\/2024\/07\/Poppy-Grobert_compressed.pdf\" data-type=\"attachment\" data-id=\"16049\">Poppy Grobert (fashion design)<\/a>.<\/p>\n\n\n\n<p><a href=\"https:\/\/www.fashionbarcelona.com\/blog\/wp-content\/uploads\/2024\/07\/Rat-Borrell_compressed.pdf\" data-type=\"attachment\" data-id=\"16050\">Rat Borrell (fashion design)<\/a>. <a href=\"https:\/\/www.instagram.com\/rstud_io\/\">@rstud-io<\/a><\/p>\n\n\n\n<p><a href=\"https:\/\/www.fashionbarcelona.com\/blog\/wp-content\/uploads\/2024\/07\/Sophia-Alden_compressed.pdf\" data-type=\"attachment\" data-id=\"16051\">Sophia Alden (fashion design)<\/a>.<\/p>\n","protected":false},"excerpt":{"rendered":"<p>Alex Pearson (fashion design). @alex____pearson Alexandra Mar\u00edn (styling). @aleexandramariin.st Alexia Masot (fashion design). @aalexiaa_mp Ana Bernal (styling). @auabernal \u00c1ngela G\u00f3mez (fashion design). @angelag____ Anna Terradellas (styling). @anna_terradellas Ariadna Pujol (fashion design). @ariglada Berta L\u00f3pez (fashion design). @bertaa.lop Berta Parrot (fashion design). @berta_p_armisen Bruno Pacini (fashion design). @pacini___ Daniel Barris (fashion design). @dendani_____ Elisa Prades (fashion [&hellip;]<\/p>\n","protected":false},"author":3,"featured_media":0,"parent":11387,"menu_order":-4,"comment_status":"closed","ping_status":"closed","template":"","meta":{"ngg_post_thumbnail":0,"footnotes":""},"class_list":["post-15999","page","type-page","status-publish","hentry"],"post_mailing_queue_ids":[],"_links":{"self":[{"href":"https:\/\/www.fashionbarcelona.com\/blog\/wp-json\/wp\/v2\/pages\/15999","targetHints":{"allow":["GET"]}}],"collection":[{"href":"https:\/\/www.fashionbarcelona.com\/blog\/wp-json\/wp\/v2\/pages"}],"about":[{"href":"https:\/\/www.fashionbarcelona.com\/blog\/wp-json\/wp\/v2\/types\/page"}],"author":[{"embeddable":true,"href":"https:\/\/www.fashionbarcelona.com\/blog\/wp-json\/wp\/v2\/users\/3"}],"replies":[{"embeddable":true,"href":"https:\/\/www.fashionbarcelona.com\/blog\/wp-json\/wp\/v2\/comments?post=15999"}],"version-history":[{"count":7,"href":"https:\/\/www.fashionbarcelona.com\/blog\/wp-json\/wp\/v2\/pages\/15999\/revisions"}],"predecessor-version":[{"id":16056,"href":"https:\/\/www.fashionbarcelona.com\/blog\/wp-json\/wp\/v2\/pages\/15999\/revisions\/16056"}],"up":[{"embeddable":true,"href":"https:\/\/www.fashionbarcelona.com\/blog\/wp-json\/wp\/v2\/pages\/11387"}],"wp:attachment":[{"href":"https:\/\/www.fashionbarcelona.com\/blog\/wp-json\/wp\/v2\/media?parent=15999"}],"curies":[{"name":"wp","href":"https:\/\/api.w.org\/{rel}","templated":true}]}}