{"id":15866,"date":"2024-05-06T14:31:56","date_gmt":"2024-05-06T12:31:56","guid":{"rendered":"https:\/\/www.fashionbarcelona.com\/blog\/?page_id=15866"},"modified":"2024-05-06T16:12:49","modified_gmt":"2024-05-06T14:12:49","slug":"class-of-2023","status":"publish","type":"page","link":"https:\/\/www.fashionbarcelona.com\/blog\/graduates-graduados\/class-of-2023\/","title":{"rendered":"Class of 2023"},"content":{"rendered":"\n<p><a href=\"http:\/\/www.fashionbarcelona.com\/blog\/wp-content\/uploads\/2024\/05\/Alba-Ocana.pdf\" data-type=\"link\" data-id=\"http:\/\/www.fashionbarcelona.com\/blog\/wp-content\/uploads\/2024\/05\/Alba-Ocana.pdf\">Alba Oca\u00f1a Garcia (Estilismo)<\/a> <a href=\"https:\/\/www.instagram.com\/albaocanya\/\">@albaocanya<\/a><\/p>\n\n\n\n<p><a href=\"http:\/\/www.fashionbarcelona.com\/blog\/wp-content\/uploads\/2024\/05\/Alexia-Bove.pdf\" data-type=\"link\" data-id=\"http:\/\/www.fashionbarcelona.com\/blog\/wp-content\/uploads\/2024\/05\/Alexia-Bove.pdf\">Alexia Bov\u00e9 Calzada (Dise\u00f1o de Moda)<\/a> <a href=\"https:\/\/www.instagram.com\/alexbovestudio\/\" data-type=\"link\" data-id=\"https:\/\/www.instagram.com\/alexbovestudio\/\">@alexbovestudio<\/a><\/p>\n\n\n\n<p><a href=\"http:\/\/www.fashionbarcelona.com\/blog\/wp-content\/uploads\/2024\/05\/Alexia-Galbany.pdf\" data-type=\"link\" data-id=\"http:\/\/www.fashionbarcelona.com\/blog\/wp-content\/uploads\/2024\/05\/Alexia-Galbany.pdf\">Alexia Galbany Grau (Fashion Design)<\/a><\/p>\n\n\n\n<p><a href=\"http:\/\/www.fashionbarcelona.com\/blog\/wp-content\/uploads\/2024\/05\/Ana-Gracia.pdf\" data-type=\"link\" data-id=\"http:\/\/www.fashionbarcelona.com\/blog\/wp-content\/uploads\/2024\/05\/Ana-Gracia.pdf\">Ana Gracia (Fashion Design)<\/a><\/p>\n\n\n\n<p><a href=\"http:\/\/www.fashionbarcelona.com\/blog\/wp-content\/uploads\/2024\/05\/Ana-Llobet.pdf\" data-type=\"link\" data-id=\"http:\/\/www.fashionbarcelona.com\/blog\/wp-content\/uploads\/2024\/05\/Ana-Llobet.pdf\">Ana Llobet Genaro (Dise\u00f1o de Moda)<\/a> <a href=\"https:\/\/www.instagram.com\/betaro.studio\/\" data-type=\"link\" data-id=\"https:\/\/www.instagram.com\/betaro.studio\/\">@betaro.studio<\/a><\/p>\n\n\n\n<p><a href=\"http:\/\/www.fashionbarcelona.com\/blog\/wp-content\/uploads\/2024\/05\/Andrea-Rueda.pdf\" data-type=\"link\" data-id=\"http:\/\/www.fashionbarcelona.com\/blog\/wp-content\/uploads\/2024\/05\/Andrea-Rueda.pdf\">Andrea Rueda S\u00e1ez (Dise\u00f1o de Moda)<\/a><\/p>\n\n\n\n<p><a href=\"http:\/\/www.fashionbarcelona.com\/blog\/wp-content\/uploads\/2024\/05\/Andrea-Deroy.pdf\" data-type=\"link\" data-id=\"http:\/\/www.fashionbarcelona.com\/blog\/wp-content\/uploads\/2024\/05\/Andrea-Deroy.pdf\">Andrea Patricia Deroy L\u00f3pez (Dise\u00f1o de Moda)<\/a> <a href=\"https:\/\/www.instagram.com\/andrea.deroy\/\">@andrea.deroy<\/a><\/p>\n\n\n\n<p><a href=\"http:\/\/www.fashionbarcelona.com\/blog\/wp-content\/uploads\/2024\/05\/Ane-Arruabarrena.pdf\" data-type=\"link\" data-id=\"http:\/\/www.fashionbarcelona.com\/blog\/wp-content\/uploads\/2024\/05\/Ane-Arruabarrena.pdf\">Ane Arruabarrena Larzabal (Estilismo)<\/a> <a href=\"https:\/\/www.instagram.com\/byanearruabarrena\/\">@byanearruabarrena<\/a><\/p>\n\n\n\n<p><a href=\"http:\/\/www.fashionbarcelona.com\/blog\/wp-content\/uploads\/2024\/05\/Anna-Jane-Mackintosh.pdf\" data-type=\"link\" data-id=\"http:\/\/www.fashionbarcelona.com\/blog\/wp-content\/uploads\/2024\/05\/Anna-Jane-Mackintosh.pdf\">Anna Jane Mackintosh Cera (Dise\u00f1o de Moda)<\/a> <a href=\"https:\/\/www.instagram.com\/annajane.mackintoshcera\/\" data-type=\"link\" data-id=\"https:\/\/www.instagram.com\/annajane.mackintoshcera\/\">@annajane.mackintoshcera<\/a><\/p>\n\n\n\n<p><a href=\"http:\/\/www.fashionbarcelona.com\/blog\/wp-content\/uploads\/2024\/05\/Ariadna-Rahola.pdf\" data-type=\"link\" data-id=\"http:\/\/www.fashionbarcelona.com\/blog\/wp-content\/uploads\/2024\/05\/Ariadna-Rahola.pdf\">Ariadna Rahola Anies (Dise\u00f1o de Moda)<\/a> <a href=\"https:\/\/www.instagram.com\/ariadnarahola\/\" data-type=\"link\" data-id=\"https:\/\/www.instagram.com\/ariadnarahola\/\">@ariadnarahola<\/a><\/p>\n\n\n\n<p><a href=\"http:\/\/www.fashionbarcelona.com\/blog\/wp-content\/uploads\/2024\/05\/Carolina-Puiggros.pdf\">Carolina Puiggr\u00f2s Figueras (Dise\u00f1o de Moda)<\/a> <a href=\"https:\/\/www.instagram.com\/linasaturni\/\">@linasaturni<\/a><\/p>\n\n\n\n<p><a href=\"http:\/\/www.fashionbarcelona.com\/blog\/wp-content\/uploads\/2024\/05\/Carolina-Vives.pdf\" data-type=\"link\" data-id=\"http:\/\/www.fashionbarcelona.com\/blog\/wp-content\/uploads\/2024\/05\/Carolina-Vives.pdf\">Carolina Vives Roger (Estilismo)<\/a> <a href=\"https:\/\/www.instagram.com\/bycarovives\/\">@bycarovives<\/a><\/p>\n\n\n\n<p><a href=\"http:\/\/www.fashionbarcelona.com\/blog\/wp-content\/uploads\/2024\/05\/Claudia-Sala.pdf\" data-type=\"link\" data-id=\"http:\/\/www.fashionbarcelona.com\/blog\/wp-content\/uploads\/2024\/05\/Claudia-Sala.pdf\">Claudia Sala Saura (Dise\u00f1o de Moda)<\/a> <a href=\"https:\/\/www.instagram.com\/salasauraa\/\">@salasauraa<\/a><\/p>\n\n\n\n<p><a href=\"http:\/\/www.fashionbarcelona.com\/blog\/wp-content\/uploads\/2024\/05\/Claudia-Bordes.pdf\" data-type=\"link\" data-id=\"http:\/\/www.fashionbarcelona.com\/blog\/wp-content\/uploads\/2024\/05\/Claudia-Bordes.pdf\">Claudia Bordes Espa\u00f1ol (Estilismo)<\/a> <a href=\"https:\/\/www.instagram.com\/cbordess\/\">@cbordess<\/a><\/p>\n\n\n\n<p><a href=\"http:\/\/www.fashionbarcelona.com\/blog\/wp-content\/uploads\/2024\/05\/Claudia-Canovas.pdf\" data-type=\"link\" data-id=\"http:\/\/www.fashionbarcelona.com\/blog\/wp-content\/uploads\/2024\/05\/Claudia-Canovas.pdf\">Cl\u00e0udia C\u00e0novas Buitrago (Dise\u00f1o de Moda)<\/a> <a href=\"https:\/\/www.instagram.com\/claudiacanovas_\/\">@claudiacanovas_<\/a><\/p>\n\n\n\n<p><a href=\"http:\/\/www.fashionbarcelona.com\/blog\/wp-content\/uploads\/2024\/05\/Cristina-Regany.pdf\" data-type=\"link\" data-id=\"http:\/\/www.fashionbarcelona.com\/blog\/wp-content\/uploads\/2024\/05\/Cristina-Regany.pdf\">Cristina Codina Regany (Dise\u00f1o de Moda)<\/a> <a href=\"https:\/\/www.instagram.com\/cristinaregany\/\">@cristinaregany<\/a><\/p>\n\n\n\n<p><a href=\"http:\/\/www.fashionbarcelona.com\/blog\/wp-content\/uploads\/2024\/05\/Davianna-Diaz.pdf\" data-type=\"link\" data-id=\"http:\/\/www.fashionbarcelona.com\/blog\/wp-content\/uploads\/2024\/05\/Davianna-Diaz.pdf\">Davianna D\u00edaz S\u00e1nchez (Dise\u00f1o de Moda)<\/a> <a href=\"https:\/\/www.instagram.com\/davianna_diaz\/\">@davianna_diaz<\/a><\/p>\n\n\n\n<p><a href=\"http:\/\/www.fashionbarcelona.com\/blog\/wp-content\/uploads\/2024\/05\/David-Ruiz.pdf\" data-type=\"link\" data-id=\"http:\/\/www.fashionbarcelona.com\/blog\/wp-content\/uploads\/2024\/05\/David-Ruiz.pdf\">David Ruiz Mu\u00f1oz (Fashion Design)<\/a> <a href=\"https:\/\/www.instagram.com\/david.ruiz.munoz\/\">@david.ruiz.munoz<\/a><\/p>\n\n\n\n<p><a href=\"http:\/\/www.fashionbarcelona.com\/blog\/wp-content\/uploads\/2024\/05\/Esther-Asensio.pdf\" data-type=\"link\" data-id=\"http:\/\/www.fashionbarcelona.com\/blog\/wp-content\/uploads\/2024\/05\/Esther-Asensio.pdf\">Esther Asensio V\u00e1zquez (Estilismo)<\/a> <a href=\"https:\/\/www.instagram.com\/ther.archive\/\">@ther.archive<\/a><\/p>\n\n\n\n<p><a href=\"http:\/\/www.fashionbarcelona.com\/blog\/wp-content\/uploads\/2024\/05\/Ioana-Datcu.pdf\" data-type=\"link\" data-id=\"http:\/\/www.fashionbarcelona.com\/blog\/wp-content\/uploads\/2024\/05\/Ioana-Datcu.pdf\">Ioana Cristi Datcu (Fashion Design)<\/a> <a href=\"https:\/\/www.instagram.com\/ioana__datcu\/\">@ioana__datcu<\/a><\/p>\n\n\n\n<p><a href=\"http:\/\/www.fashionbarcelona.com\/blog\/wp-content\/uploads\/2024\/05\/Isabela-Puga.pdf\" data-type=\"link\" data-id=\"http:\/\/www.fashionbarcelona.com\/blog\/wp-content\/uploads\/2024\/05\/Isabela-Puga.pdf\">Isabel Puga Caceres (Estilismo)<\/a> <a href=\"https:\/\/www.instagram.com\/puga.isabela\/\">@puga.isabela<\/a><\/p>\n\n\n\n<p><a href=\"http:\/\/www.fashionbarcelona.com\/blog\/wp-content\/uploads\/2024\/05\/Isabella-La-Barbera.pdf\" data-type=\"link\" data-id=\"http:\/\/www.fashionbarcelona.com\/blog\/wp-content\/uploads\/2024\/05\/Isabella-La-Barbera.pdf\">Isabella La Barbera (Fashion Design)<\/a> <a href=\"https:\/\/www.instagram.com\/isabellamechetti.art\/\">@isabellamechetti.art<\/a><\/p>\n\n\n\n<p>Julia Pie Hebrard (Estilismo) <a href=\"https:\/\/www.instagram.com\/hebrard___\/\">@hebrard___<\/a><\/p>\n\n\n\n<p><a href=\"http:\/\/www.fashionbarcelona.com\/blog\/wp-content\/uploads\/2024\/05\/Kimberly-Felix.pdf\" data-type=\"link\" data-id=\"http:\/\/www.fashionbarcelona.com\/blog\/wp-content\/uploads\/2024\/05\/Kimberly-Felix.pdf\">Kimberly Felix Matos (Dise\u00f1o de Moda)<\/a> <a href=\"https:\/\/www.instagram.com\/kimberlyyfelix\/\">@kimberlyyfelix<\/a><\/p>\n\n\n\n<p><a href=\"http:\/\/www.fashionbarcelona.com\/blog\/wp-content\/uploads\/2024\/05\/Laura-Miraglia.pdf\">Laura Miraglia (Dise\u00f1o de Moda)<\/a> <a href=\"https:\/\/www.instagram.com\/miragliadesign_\/\">@miragliadesign_<\/a><\/p>\n\n\n\n<p>Lucia Dominicque Cardoso Grillo (Estilismo) <a href=\"https:\/\/www.instagram.com\/cardoso_luciag\/\">@cardoso_luciag<\/a><\/p>\n\n\n\n<p><a href=\"http:\/\/www.fashionbarcelona.com\/blog\/wp-content\/uploads\/2024\/05\/Luisa-Goded.pdf\">Luisa Goded (Dise\u00f1o de Moda)<\/a> <a href=\"https:\/\/www.instagram.com\/luisa_goded\/\">@luisa_goded<\/a><\/p>\n\n\n\n<p><a href=\"http:\/\/www.fashionbarcelona.com\/blog\/wp-content\/uploads\/2024\/05\/Margaux-Patural.pdf\" data-type=\"link\" data-id=\"http:\/\/www.fashionbarcelona.com\/blog\/wp-content\/uploads\/2024\/05\/Margaux-Patural.pdf\">Margaux Patural (Estilismo)<\/a> <a href=\"https:\/\/www.instagram.com\/lestravauxdemargaux\/\">@lestravauxdemargaux<\/a><\/p>\n\n\n\n<p><a href=\"http:\/\/www.fashionbarcelona.com\/blog\/wp-content\/uploads\/2024\/05\/Maria-Bernal.pdf\">Maria Bernal Domenech (Dise\u00f1o de Moda)<\/a> <a href=\"https:\/\/www.instagram.com\/_mb.d_\/\">@_mb.d_<\/a><\/p>\n\n\n\n<p><a href=\"http:\/\/www.fashionbarcelona.com\/blog\/wp-content\/uploads\/2024\/05\/Maria-Cohen.pdf\">Maria Cohen (Dise\u00f1o de Moda)<\/a><\/p>\n\n\n\n<p><a href=\"http:\/\/www.fashionbarcelona.com\/blog\/wp-content\/uploads\/2024\/05\/Marta-Casas.pdf\">Marta Casas Alonso (Fashion Design)<\/a> <a href=\"https:\/\/www.instagram.com\/m___art___u\/\">@m___art___u<\/a><\/p>\n\n\n\n<p><a href=\"http:\/\/www.fashionbarcelona.com\/blog\/wp-content\/uploads\/2024\/05\/Marta-Morales.pdf\">Marta Morales Alonso (Dise\u00f1o de Moda)<\/a> <a href=\"https:\/\/www.instagram.com\/marta___morales\/\">@marta___morales<\/a><\/p>\n\n\n\n<p><a href=\"http:\/\/www.fashionbarcelona.com\/blog\/wp-content\/uploads\/2024\/05\/Martina-Mateu.pdf\">Martina Mateu Plana (Dise\u00f1o de Moda)<\/a> <a href=\"https:\/\/www.instagram.com\/martina.mateu\/\">@martina.mateu<\/a><\/p>\n\n\n\n<p><a href=\"http:\/\/www.fashionbarcelona.com\/blog\/wp-content\/uploads\/2024\/05\/Milagros-Louzao.pdf\" data-type=\"link\" data-id=\"http:\/\/www.fashionbarcelona.com\/blog\/wp-content\/uploads\/2024\/05\/Milagros-Louzao.pdf\">Milagros Louzao Allasia (Estilismo)<\/a> <a href=\"https:\/\/www.instagram.com\/milagroslouzao\/\">@milagroslouzao<\/a><\/p>\n\n\n\n<p><a href=\"http:\/\/www.fashionbarcelona.com\/blog\/wp-content\/uploads\/2024\/05\/Monserrat-Mayo.pdf\">Monserrat Mayo Aros (Dise\u00f1o de Moda)<\/a> <a href=\"https:\/\/www.instagram.com\/bymonma\/\">@bymonma<\/a><\/p>\n\n\n\n<p><a href=\"http:\/\/www.fashionbarcelona.com\/blog\/wp-content\/uploads\/2024\/05\/Nicole-Sanchez.pdf\">Nicole S\u00e1nchez Miranda (Dise\u00f1o de Moda)<\/a><\/p>\n\n\n\n<p><a href=\"http:\/\/www.fashionbarcelona.com\/blog\/wp-content\/uploads\/2024\/05\/Nicole-Urena.pdf\">Nicole Ure\u00f1a Tavarez (Dise\u00f1o de Moda)<\/a><\/p>\n\n\n\n<p><a href=\"http:\/\/www.fashionbarcelona.com\/blog\/wp-content\/uploads\/2024\/05\/Noemi-Gali.pdf\" data-type=\"link\" data-id=\"http:\/\/www.fashionbarcelona.com\/blog\/wp-content\/uploads\/2024\/05\/Noemi-Gali.pdf\">Noem\u00ed Gal\u00ed Iba\u00f1ez (Estilismo)<\/a> <a href=\"https:\/\/www.instagram.com\/noemigali03\/\">@noemigali03<\/a><\/p>\n\n\n\n<p><a href=\"http:\/\/www.fashionbarcelona.com\/blog\/wp-content\/uploads\/2024\/05\/Paula-Abello.pdf\">Paula Abell\u00f3 Carb\u00f3 (Dise\u00f1o de Moda)<\/a> <a href=\"https:\/\/www.instagram.com\/paulabello.studio\/\">@paulabello.studio<\/a><\/p>\n\n\n\n<p><a href=\"http:\/\/www.fashionbarcelona.com\/blog\/wp-content\/uploads\/2024\/05\/Paula-Azategui.pdf\">Paula Azategui Costa (Fashion Design)<\/a> <a href=\"https:\/\/www.instagram.com\/p_azategui\/\">@p_azategui<\/a><\/p>\n\n\n\n<p><a href=\"http:\/\/www.fashionbarcelona.com\/blog\/wp-content\/uploads\/2024\/05\/Paula-Ripoll.pdf\">Paula Ripoll Oliver (Dise\u00f1o de Moda) <\/a><a href=\"https:\/\/www.instagram.com\/pau.r.oliver\/\">@pau.r.oliver<\/a><\/p>\n\n\n\n<p><a href=\"http:\/\/www.fashionbarcelona.com\/blog\/wp-content\/uploads\/2024\/05\/Regina-Lopez.pdf\">Regina L\u00f3pez Camargo (Dise\u00f1o de Moda)<\/a> <a href=\"https:\/\/instagram.com\/thisiscamargo\/\">@thisiscamargo<\/a><\/p>\n\n\n\n<p><a href=\"http:\/\/www.fashionbarcelona.com\/blog\/wp-content\/uploads\/2024\/05\/Ringaile-Pukleviciute.pdf\">Ringaile Pukleviciute (Fashion Design)<\/a> <a href=\"https:\/\/www.instagram.com\/ringa.online\/\">@ringa.online<\/a><\/p>\n\n\n\n<p><a href=\"http:\/\/www.fashionbarcelona.com\/blog\/wp-content\/uploads\/2024\/05\/Sofia-Nunez.pdf\">Sof\u00eda N\u00fa\u00f1ez G\u00f3mez (Fashion Design)<\/a> <a href=\"https:\/\/www.instagram.com\/s.studiong\/\">@s.studiong<\/a><\/p>\n\n\n\n<p><a href=\"http:\/\/www.fashionbarcelona.com\/blog\/wp-content\/uploads\/2024\/05\/Susana-Sousa.pdf\">Susana Sousa Borras (Dise\u00f1o de Moda)<\/a> <a href=\"https:\/\/www.instagram.com\/susanasousa.jpg\/\">@susanasousa.jpg<\/a><\/p>\n\n\n\n<p><a href=\"http:\/\/www.fashionbarcelona.com\/blog\/wp-content\/uploads\/2024\/05\/Tania-Salse.pdf\">T\u00e0nia Salse Mart\u00edn (Fashion Design)<\/a> <a href=\"https:\/\/www.instagram.com\/amapolastudio___\/\">@amapolastudio___<\/a><\/p>\n\n\n\n<p><a href=\"http:\/\/www.fashionbarcelona.com\/blog\/wp-content\/uploads\/2024\/05\/Valentina-Bentos.pdf\" data-type=\"link\" data-id=\"http:\/\/www.fashionbarcelona.com\/blog\/wp-content\/uploads\/2024\/05\/Valentina-Bentos.pdf\">Valentina Bentos Fuster (Dise\u00f1o de Moda)<\/a> <a href=\"https:\/\/www.instagram.com\/valentinabentos_\/\">@valentinabentos_<\/a><\/p>\n\n\n\n<p><a href=\"http:\/\/www.fashionbarcelona.com\/blog\/wp-content\/uploads\/2024\/05\/Vivianna-Icaza.pdf\" data-type=\"link\" data-id=\"http:\/\/www.fashionbarcelona.com\/blog\/wp-content\/uploads\/2024\/05\/Vivianna-Icaza.pdf\">Viviana Icaza Llopart (Estilismo)<\/a> <a href=\"https:\/\/www.instagram.com\/v.cazall\/\">@v.cazall<\/a><\/p>\n","protected":false},"excerpt":{"rendered":"<p>Alba Oca\u00f1a Garcia (Estilismo) @albaocanya Alexia Bov\u00e9 Calzada (Dise\u00f1o de Moda) @alexbovestudio Alexia Galbany Grau (Fashion Design) Ana Gracia (Fashion Design) Ana Llobet Genaro (Dise\u00f1o de Moda) @betaro.studio Andrea Rueda S\u00e1ez (Dise\u00f1o de Moda) Andrea Patricia Deroy L\u00f3pez (Dise\u00f1o de Moda) @andrea.deroy Ane Arruabarrena Larzabal (Estilismo) @byanearruabarrena Anna Jane Mackintosh Cera (Dise\u00f1o de Moda) @annajane.mackintoshcera [&hellip;]<\/p>\n","protected":false},"author":3,"featured_media":0,"parent":11387,"menu_order":-3,"comment_status":"closed","ping_status":"closed","template":"","meta":{"ngg_post_thumbnail":0,"footnotes":""},"class_list":["post-15866","page","type-page","status-publish","hentry"],"post_mailing_queue_ids":[],"_links":{"self":[{"href":"https:\/\/www.fashionbarcelona.com\/blog\/wp-json\/wp\/v2\/pages\/15866","targetHints":{"allow":["GET"]}}],"collection":[{"href":"https:\/\/www.fashionbarcelona.com\/blog\/wp-json\/wp\/v2\/pages"}],"about":[{"href":"https:\/\/www.fashionbarcelona.com\/blog\/wp-json\/wp\/v2\/types\/page"}],"author":[{"embeddable":true,"href":"https:\/\/www.fashionbarcelona.com\/blog\/wp-json\/wp\/v2\/users\/3"}],"replies":[{"embeddable":true,"href":"https:\/\/www.fashionbarcelona.com\/blog\/wp-json\/wp\/v2\/comments?post=15866"}],"version-history":[{"count":7,"href":"https:\/\/www.fashionbarcelona.com\/blog\/wp-json\/wp\/v2\/pages\/15866\/revisions"}],"predecessor-version":[{"id":15928,"href":"https:\/\/www.fashionbarcelona.com\/blog\/wp-json\/wp\/v2\/pages\/15866\/revisions\/15928"}],"up":[{"embeddable":true,"href":"https:\/\/www.fashionbarcelona.com\/blog\/wp-json\/wp\/v2\/pages\/11387"}],"wp:attachment":[{"href":"https:\/\/www.fashionbarcelona.com\/blog\/wp-json\/wp\/v2\/media?parent=15866"}],"curies":[{"name":"wp","href":"https:\/\/api.w.org\/{rel}","templated":true}]}}