{"id":11394,"date":"2021-06-30T12:56:39","date_gmt":"2021-06-30T10:56:39","guid":{"rendered":"http:\/\/www.fashionbarcelona.com\/blog\/?page_id=11394"},"modified":"2024-05-06T15:14:55","modified_gmt":"2024-05-06T13:14:55","slug":"class-of-2021","status":"publish","type":"page","link":"https:\/\/www.fashionbarcelona.com\/blog\/graduates-graduados\/class-of-2021\/","title":{"rendered":"Class of 2021"},"content":{"rendered":"\n<div class=\"wp-block-file\"><a href=\"http:\/\/www.fashionbarcelona.com\/blog\/wp-content\/uploads\/2021\/06\/Adria\u0301n-Sanchez-3.pdf\" target=\"_blank\" rel=\"noreferrer noopener\">Adri\u00e1n Sanchez (Dise\u00f1o de Moda)<\/a><\/div>\n\n\n\n<div class=\"wp-block-file\"><a href=\"http:\/\/www.fashionbarcelona.com\/blog\/wp-content\/uploads\/2021\/06\/Aitor-Goicoechea.pdf\" target=\"_blank\" rel=\"noreferrer noopener\">Aitor Goiceochea (Dise\u00f1o de Moda)<\/a><\/div>\n\n\n\n<div class=\"wp-block-file\"><a href=\"http:\/\/www.fashionbarcelona.com\/blog\/wp-content\/uploads\/2021\/06\/Alexandra-Valladares.pdf\" target=\"_blank\" rel=\"noreferrer noopener\">Alexandra Valladares (Dise\u00f1o de Moda)<\/a><\/div>\n\n\n\n<div class=\"wp-block-file\"><a href=\"http:\/\/www.fashionbarcelona.com\/blog\/wp-content\/uploads\/2021\/06\/Amanda-Nazareth.pdf\" target=\"_blank\" rel=\"noreferrer noopener\">Amanda Nazareth (Fashion Design)<\/a><\/div>\n\n\n\n<div class=\"wp-block-file\"><a href=\"http:\/\/www.fashionbarcelona.com\/blog\/wp-content\/uploads\/2021\/06\/Andrea-Alberdi.pdf\" target=\"_blank\" rel=\"noreferrer noopener\">Andrea Alberdi (Estilismo)<\/a><\/div>\n\n\n\n<div class=\"wp-block-file\"><a href=\"http:\/\/www.fashionbarcelona.com\/blog\/wp-content\/uploads\/2021\/06\/Anna-Cregut.pdf\" target=\"_blank\" rel=\"noreferrer noopener\">Anna Cregut (Dise\u00f1o de Moda)<\/a><\/div>\n\n\n\n<div class=\"wp-block-file\"><a href=\"http:\/\/www.fashionbarcelona.com\/blog\/wp-content\/uploads\/2021\/06\/Anna-Faig.pdf\" target=\"_blank\" rel=\"noreferrer noopener\">Anna Faig (Dise\u00f1o de Moda)<\/a><\/div>\n\n\n\n<div class=\"wp-block-file\"><a href=\"http:\/\/www.fashionbarcelona.com\/blog\/wp-content\/uploads\/2021\/06\/Anna-Puigferrer.pdf\" target=\"_blank\" rel=\"noreferrer noopener\">Anna Puigferrer (Estilismo)<\/a><\/div>\n\n\n\n<div class=\"wp-block-file\"><a href=\"http:\/\/www.fashionbarcelona.com\/blog\/wp-content\/uploads\/2021\/06\/Antia-Duran.pdf\" target=\"_blank\" rel=\"noreferrer noopener\">Ant\u00eda Dur\u00e1n (Estilismo)<\/a><\/div>\n\n\n\n<div class=\"wp-block-file\"><a href=\"http:\/\/www.fashionbarcelona.com\/blog\/wp-content\/uploads\/2021\/06\/Barbara-Perez.pdf\" target=\"_blank\" rel=\"noreferrer noopener\">B\u00e1rbara P\u00e9rez (Fashion Design)<\/a><\/div>\n\n\n\n<div class=\"wp-block-file\"><a href=\"http:\/\/www.fashionbarcelona.com\/blog\/wp-content\/uploads\/2021\/06\/Beatriz-Ferrer.pdf\" target=\"_blank\" rel=\"noreferrer noopener\">Beatriz Ferrer (Estilismo)<\/a><\/div>\n\n\n\n<div class=\"wp-block-file\"><a href=\"http:\/\/www.fashionbarcelona.com\/blog\/wp-content\/uploads\/2021\/06\/Bet-Fradera.pdf\" target=\"_blank\" rel=\"noreferrer noopener\">Bet Fradera (Dise\u00f1o de Moda)<\/a><\/div>\n\n\n\n<div class=\"wp-block-file\"><a href=\"http:\/\/www.fashionbarcelona.com\/blog\/wp-content\/uploads\/2021\/06\/Blanca-Pellitero.pdf\" target=\"_blank\" rel=\"noreferrer noopener\">Blanca Pellitero (Dise\u00f1o de Moda)<\/a><\/div>\n\n\n\n<div class=\"wp-block-file\"><a href=\"http:\/\/www.fashionbarcelona.com\/blog\/wp-content\/uploads\/2021\/07\/Camille-Hurbin.pdf\" target=\"_blank\" rel=\"noreferrer noopener\">Camille Hurbin (Dise\u00f1o de Moda)<\/a><\/div>\n\n\n\n<div class=\"wp-block-file\"><a href=\"http:\/\/www.fashionbarcelona.com\/blog\/wp-content\/uploads\/2021\/07\/Carla-Rodriguez.pdf\" target=\"_blank\" rel=\"noreferrer noopener\">Carla Rodriguez (Dise\u00f1o de Moda)<\/a><\/div>\n\n\n\n<div class=\"wp-block-file\"><a href=\"http:\/\/www.fashionbarcelona.com\/blog\/wp-content\/uploads\/2021\/07\/Carmen-Obradors.pdf\" target=\"_blank\" rel=\"noreferrer noopener\">Carmen Obradors (Estilismo)<\/a><\/div>\n\n\n\n<div class=\"wp-block-file\"><a href=\"http:\/\/www.fashionbarcelona.com\/blog\/wp-content\/uploads\/2021\/07\/Carolina-Reig.pdf\" target=\"_blank\" rel=\"noreferrer noopener\">Carolina Reig (Dise\u00f1o de Moda)<\/a><\/div>\n\n\n\n<div class=\"wp-block-file\"><a href=\"http:\/\/www.fashionbarcelona.com\/blog\/wp-content\/uploads\/2021\/07\/Charlie-Hanouskova.pdf\" target=\"_blank\" rel=\"noreferrer noopener\">Charlie Hanouskova (Fashion Design)<\/a><\/div>\n\n\n\n<div class=\"wp-block-file\"><a href=\"http:\/\/www.fashionbarcelona.com\/blog\/wp-content\/uploads\/2021\/07\/Cla\u0300udia-Cervo\u0301s.pdf\" target=\"_blank\" rel=\"noreferrer noopener\">Cl\u00e0udia Cerv\u00f3s (Estilismo)<\/a><\/div>\n\n\n\n<div class=\"wp-block-file\"><a href=\"http:\/\/www.fashionbarcelona.com\/blog\/wp-content\/uploads\/2021\/07\/Cla\u0300udia-Marco.pdf\" target=\"_blank\" rel=\"noreferrer noopener\">Cl\u00e0udia Marco (Estilismo)<\/a><\/div>\n\n\n\n<div class=\"wp-block-file\"><a href=\"http:\/\/www.fashionbarcelona.com\/blog\/wp-content\/uploads\/2021\/07\/Conrad-Anderson.pdf\" target=\"_blank\" rel=\"noreferrer noopener\">Conrad Anderson (Fashion Design)<\/a><\/div>\n\n\n\n<div class=\"wp-block-file\"><a href=\"http:\/\/www.fashionbarcelona.com\/blog\/wp-content\/uploads\/2021\/07\/Cristina-Millero.pdf\" target=\"_blank\" rel=\"noreferrer noopener\">Cristina Millero (Dise\u00f1o de Moda)<\/a><\/div>\n\n\n\n<div class=\"wp-block-file\"><a href=\"http:\/\/www.fashionbarcelona.com\/blog\/wp-content\/uploads\/2021\/07\/Diana-Lomakina.pdf\" target=\"_blank\" rel=\"noreferrer noopener\">Diana Lomakina (Fashion Design)<\/a><\/div>\n\n\n\n<div class=\"wp-block-file\"><a href=\"http:\/\/www.fashionbarcelona.com\/blog\/wp-content\/uploads\/2021\/07\/Elena-Matsedonskaia.pdf\" target=\"_blank\" rel=\"noreferrer noopener\">Elena Matsedonskai (Fashion Design)<\/a><\/div>\n\n\n\n<div class=\"wp-block-file\"><a href=\"http:\/\/www.fashionbarcelona.com\/blog\/wp-content\/uploads\/2021\/07\/Giaco-di-Paolo.pdf\" target=\"_blank\" rel=\"noreferrer noopener\">Giaco di Paolo (Dise\u00f1o de Moda)<\/a><\/div>\n\n\n\n<div class=\"wp-block-file\"><a href=\"http:\/\/www.fashionbarcelona.com\/blog\/wp-content\/uploads\/2021\/07\/Ines-Folch.pdf\" target=\"_blank\" rel=\"noreferrer noopener\">In\u00e9s Folch (Fashion Design)<\/a><\/div>\n\n\n\n<div class=\"wp-block-file\"><a href=\"http:\/\/www.fashionbarcelona.com\/blog\/wp-content\/uploads\/2021\/07\/Irene-Arellano.pdf\" target=\"_blank\" rel=\"noreferrer noopener\">Irene Arellano (Estilismo)<\/a><\/div>\n\n\n\n<div class=\"wp-block-file\"><a href=\"http:\/\/www.fashionbarcelona.com\/blog\/wp-content\/uploads\/2021\/07\/Irene-Maria-Bertran.pdf\" target=\"_blank\" rel=\"noreferrer noopener\">Irene Mar\u00eda Bertran (Estilismo)<\/a><\/div>\n\n\n\n<div class=\"wp-block-file\"><a href=\"http:\/\/www.fashionbarcelona.com\/blog\/wp-content\/uploads\/2021\/07\/Jaume-Miro\u0301.pdf\" target=\"_blank\" rel=\"noreferrer noopener\">Jaume Mir\u00f3 (Dise\u00f1o de Moda)<\/a><\/div>\n\n\n\n<div class=\"wp-block-file\"><a href=\"http:\/\/www.fashionbarcelona.com\/blog\/wp-content\/uploads\/2021\/07\/Jazmi\u0301n-Rojo.pdf\" target=\"_blank\" rel=\"noreferrer noopener\">Jazm\u00edn Rojo (Dise\u00f1o de Moda)<\/a><\/div>\n\n\n\n<div class=\"wp-block-file\"><a href=\"http:\/\/www.fashionbarcelona.com\/blog\/wp-content\/uploads\/2021\/07\/Juan-Diego-Martinez.pdf\" target=\"_blank\" rel=\"noreferrer noopener\">Juan Diego Mart\u00ednez (Dise\u00f1o de Moda)<\/a><\/div>\n\n\n\n<div class=\"wp-block-file\"><a href=\"http:\/\/www.fashionbarcelona.com\/blog\/wp-content\/uploads\/2021\/07\/Julia-Castillo.pdf\" target=\"_blank\" rel=\"noreferrer noopener\">Julia Castillo (Dise\u00f1o de Moda)<\/a><\/div>\n\n\n\n<div class=\"wp-block-file\"><a href=\"http:\/\/www.fashionbarcelona.com\/blog\/wp-content\/uploads\/2021\/07\/Laura-Chafer.pdf\" target=\"_blank\" rel=\"noreferrer noopener\">Laura Chafer (Dise\u00f1o de Moda)<\/a><\/div>\n\n\n\n<div class=\"wp-block-file\"><a href=\"http:\/\/www.fashionbarcelona.com\/blog\/wp-content\/uploads\/2021\/07\/Luciana-Cabrera.pdf\" target=\"_blank\" rel=\"noreferrer noopener\">Luciana Cabrera (Estilismo)<\/a><\/div>\n\n\n\n<div class=\"wp-block-file\"><a href=\"http:\/\/www.fashionbarcelona.com\/blog\/wp-content\/uploads\/2021\/07\/Maria-Ambrosini.pdf\" target=\"_blank\" rel=\"noreferrer noopener\">Mar\u00eda Ambrosini (Dise\u00f1o de Moda)<\/a><\/div>\n\n\n\n<div class=\"wp-block-file\"><a href=\"http:\/\/www.fashionbarcelona.com\/blog\/wp-content\/uploads\/2021\/07\/Marina-Roman-Lorente.pdf\" target=\"_blank\" rel=\"noreferrer noopener\">Marina Roman (Estilismo)<\/a><\/div>\n\n\n\n<div class=\"wp-block-file\"><a href=\"http:\/\/www.fashionbarcelona.com\/blog\/wp-content\/uploads\/2021\/07\/Mario-Garci\u0301a.pdf\" target=\"_blank\" rel=\"noreferrer noopener\">Mario Garc\u00eda (Dise\u00f1o de Moda)<\/a><\/div>\n\n\n\n<div class=\"wp-block-file\"><a href=\"http:\/\/www.fashionbarcelona.com\/blog\/wp-content\/uploads\/2021\/07\/Mariona-Sarda\u0300.pdf\" target=\"_blank\" rel=\"noreferrer noopener\">Mariona Sard\u00e0 (Dise\u00f1o de Moda)<\/a><\/div>\n\n\n\n<div class=\"wp-block-file\"><a href=\"http:\/\/www.fashionbarcelona.com\/blog\/wp-content\/uploads\/2021\/07\/Marta-Lopez.pdf\" target=\"_blank\" rel=\"noreferrer noopener\">Marta L\u00f3pez (Dise\u00f1o de Moda)<\/a><\/div>\n\n\n\n<div class=\"wp-block-file\"><a href=\"http:\/\/www.fashionbarcelona.com\/blog\/wp-content\/uploads\/2021\/07\/Mireia-Garde-Domenech.pdf\" target=\"_blank\" rel=\"noreferrer noopener\">Mireia Garde (Estilismo)<\/a><\/div>\n\n\n\n<div class=\"wp-block-file\"><a href=\"http:\/\/www.fashionbarcelona.com\/blog\/wp-content\/uploads\/2021\/07\/Naroa-Fan\u0303anas.pdf\" target=\"_blank\" rel=\"noreferrer noopener\">Naroa Fa\u00f1anas (Dise\u00f1o de Moda)<\/a><\/div>\n\n\n\n<div class=\"wp-block-file\"><a href=\"http:\/\/www.fashionbarcelona.com\/blog\/wp-content\/uploads\/2021\/07\/Pablo-Asin.pdf\" target=\"_blank\" rel=\"noreferrer noopener\">Pablo Asin (Dise\u00f1o de Moda)<\/a><\/div>\n\n\n\n<div class=\"wp-block-file\"><a href=\"http:\/\/www.fashionbarcelona.com\/blog\/wp-content\/uploads\/2021\/07\/Paula-Salvatella.pdf\" target=\"_blank\" rel=\"noreferrer noopener\">Paula Salvatella (Dise\u00f1o de Moda)<\/a><\/div>\n\n\n\n<div class=\"wp-block-file\"><a href=\"http:\/\/www.fashionbarcelona.com\/blog\/wp-content\/uploads\/2021\/07\/Raquel-Cevera.pdf\" target=\"_blank\" rel=\"noreferrer noopener\">Raquel Cevera (Estilismo)<\/a><\/div>\n\n\n\n<div class=\"wp-block-file\"><a href=\"http:\/\/www.fashionbarcelona.com\/blog\/wp-content\/uploads\/2021\/07\/Sara-Botella.pdf\" target=\"_blank\" rel=\"noreferrer noopener\">Sara Botella (Estilismo)<\/a><\/div>\n\n\n\n<div class=\"wp-block-file\"><a href=\"http:\/\/www.fashionbarcelona.com\/blog\/wp-content\/uploads\/2021\/07\/Sarah-Jayne-Rowlands.pdf\" target=\"_blank\" rel=\"noreferrer noopener\">Sarah Jayne Rowlands (Fashion Design)<\/a><\/div>\n\n\n\n<div class=\"wp-block-file\"><a href=\"http:\/\/www.fashionbarcelona.com\/blog\/wp-content\/uploads\/2021\/07\/Vicenc\u0327-Go\u0301mez.pdf\" target=\"_blank\" rel=\"noreferrer noopener\">Vicen\u00e7 G\u00f3mez (Dise\u00f1o de Moda)<\/a><\/div>\n\n\n\n<div class=\"wp-block-file\"><a href=\"http:\/\/www.fashionbarcelona.com\/blog\/wp-content\/uploads\/2021\/07\/Victoria-Figueira.pdf\" target=\"_blank\" rel=\"noreferrer noopener\">Victoria Figueira (Dise\u00f1o de Moda)<\/a><\/div>\n","protected":false},"excerpt":{"rendered":"","protected":false},"author":3,"featured_media":0,"parent":11387,"menu_order":-1,"comment_status":"closed","ping_status":"closed","template":"","meta":{"ngg_post_thumbnail":0,"footnotes":""},"class_list":["post-11394","page","type-page","status-publish","hentry"],"post_mailing_queue_ids":[],"_links":{"self":[{"href":"https:\/\/www.fashionbarcelona.com\/blog\/wp-json\/wp\/v2\/pages\/11394","targetHints":{"allow":["GET"]}}],"collection":[{"href":"https:\/\/www.fashionbarcelona.com\/blog\/wp-json\/wp\/v2\/pages"}],"about":[{"href":"https:\/\/www.fashionbarcelona.com\/blog\/wp-json\/wp\/v2\/types\/page"}],"author":[{"embeddable":true,"href":"https:\/\/www.fashionbarcelona.com\/blog\/wp-json\/wp\/v2\/users\/3"}],"replies":[{"embeddable":true,"href":"https:\/\/www.fashionbarcelona.com\/blog\/wp-json\/wp\/v2\/comments?post=11394"}],"version-history":[{"count":39,"href":"https:\/\/www.fashionbarcelona.com\/blog\/wp-json\/wp\/v2\/pages\/11394\/revisions"}],"predecessor-version":[{"id":15874,"href":"https:\/\/www.fashionbarcelona.com\/blog\/wp-json\/wp\/v2\/pages\/11394\/revisions\/15874"}],"up":[{"embeddable":true,"href":"https:\/\/www.fashionbarcelona.com\/blog\/wp-json\/wp\/v2\/pages\/11387"}],"wp:attachment":[{"href":"https:\/\/www.fashionbarcelona.com\/blog\/wp-json\/wp\/v2\/media?parent=11394"}],"curies":[{"name":"wp","href":"https:\/\/api.w.org\/{rel}","templated":true}]}}